{"id":1218,"date":"2018-10-04T07:26:23","date_gmt":"2018-10-04T07:26:23","guid":{"rendered":"https:\/\/img-entreprise.com\/de\/index.php\/contact\/"},"modified":"2023-12-29T16:16:04","modified_gmt":"2023-12-29T16:16:04","slug":"kontakt","status":"publish","type":"page","link":"https:\/\/img-entreprise.com\/de\/kontakt\/","title":{"rendered":"Kontakt"},"content":{"rendered":"\t\t<div data-elementor-type=\"wp-post\" data-elementor-id=\"1218\" class=\"elementor elementor-1218\">\n\t\t\t\t\t\t<section class=\"elementor-section elementor-top-section elementor-element elementor-element-2b3bca81 elementor-section-boxed elementor-section-height-default elementor-section-height-default\" data-id=\"2b3bca81\" data-element_type=\"section\" data-settings=\"{&quot;background_background&quot;:&quot;classic&quot;}\">\n\t\t\t\t\t\t<div class=\"elementor-container elementor-column-gap-no\">\n\t\t\t\t\t<div class=\"elementor-column elementor-col-100 elementor-top-column elementor-element elementor-element-78e860c0\" data-id=\"78e860c0\" data-element_type=\"column\">\n\t\t\t<div class=\"elementor-widget-wrap elementor-element-populated\">\n\t\t\t\t\t\t<div class=\"elementor-element elementor-element-5b5b6c79 elementor-invisible elementor-widget elementor-widget-heading\" data-id=\"5b5b6c79\" data-element_type=\"widget\" data-settings=\"{&quot;_animation&quot;:&quot;fadeInUp&quot;}\" data-widget_type=\"heading.default\">\n\t\t\t\t<div class=\"elementor-widget-container\">\n\t\t\t\t\t<h1 class=\"elementor-heading-title elementor-size-default\">Kontakt<\/h1>\t\t\t\t<\/div>\n\t\t\t\t<\/div>\n\t\t\t\t<div class=\"elementor-element elementor-element-2c3d362 elementor-widget elementor-widget-spacer\" data-id=\"2c3d362\" data-element_type=\"widget\" data-widget_type=\"spacer.default\">\n\t\t\t\t<div class=\"elementor-widget-container\">\n\t\t\t\t\t\t\t<div class=\"elementor-spacer\">\n\t\t\t<div class=\"elementor-spacer-inner\"><\/div>\n\t\t<\/div>\n\t\t\t\t\t\t<\/div>\n\t\t\t\t<\/div>\n\t\t\t\t\t<\/div>\n\t\t<\/div>\n\t\t\t\t\t<\/div>\n\t\t<\/section>\n\t\t\t\t<section class=\"elementor-section elementor-top-section elementor-element elementor-element-63e3f39b elementor-section-boxed elementor-section-height-default elementor-section-height-default\" data-id=\"63e3f39b\" data-element_type=\"section\">\n\t\t\t\t\t\t<div class=\"elementor-container elementor-column-gap-no\">\n\t\t\t\t\t<div class=\"elementor-column elementor-col-50 elementor-top-column elementor-element elementor-element-f18ad9a\" data-id=\"f18ad9a\" data-element_type=\"column\" data-settings=\"{&quot;background_background&quot;:&quot;classic&quot;}\">\n\t\t\t<div class=\"elementor-widget-wrap elementor-element-populated\">\n\t\t\t\t\t<div class=\"elementor-background-overlay\"><\/div>\n\t\t\t\t\t\t<div class=\"elementor-element elementor-element-3aaa8ba7 elementor-widget elementor-widget-heading\" data-id=\"3aaa8ba7\" data-element_type=\"widget\" data-widget_type=\"heading.default\">\n\t\t\t\t<div class=\"elementor-widget-container\">\n\t\t\t\t\t<h2 class=\"elementor-heading-title elementor-size-default\">Nehmen Sie Kontakt mit uns auf!<\/h2>\t\t\t\t<\/div>\n\t\t\t\t<\/div>\n\t\t\t\t<div class=\"elementor-element elementor-element-3cd713d3 elementor-widget elementor-widget-text-editor\" data-id=\"3cd713d3\" data-element_type=\"widget\" data-widget_type=\"text-editor.default\">\n\t\t\t\t<div class=\"elementor-widget-container\">\n\t\t\t\t\t\t\t\t\tWenn Sie einen Kostenvoranschlag anfordern m\u00f6chten, Informationen ben\u00f6tigen oder einfach mit unseren Mitarbeitern in Kontakt treten m\u00f6chten, f\u00fcllen Sie bitte unser Kontaktformular aus!\nUnsere Mitarbeiter nehmen sich gerne Zeit f\u00fcr Sie!\t\t\t\t\t\t\t\t<\/div>\n\t\t\t\t<\/div>\n\t\t\t\t<div class=\"elementor-element elementor-element-2792150 elementor-widget elementor-widget-text-editor\" data-id=\"2792150\" data-element_type=\"widget\" data-widget_type=\"text-editor.default\">\n\t\t\t\t<div class=\"elementor-widget-container\">\n\t\t\t\t\t\t\t\t\tUnsere Mitarbeiter nehmen sich gerne Zeit f\u00fcr Sie!\t\t\t\t\t\t\t\t<\/div>\n\t\t\t\t<\/div>\n\t\t\t\t<div class=\"elementor-element elementor-element-5e44358 elementor-widget elementor-widget-text-editor\" data-id=\"5e44358\" data-element_type=\"widget\" data-widget_type=\"text-editor.default\">\n\t\t\t\t<div class=\"elementor-widget-container\">\n\t\t\t\t\t\t\t\t\tUnsere sozialen Netzwerke\t\t\t\t\t\t\t\t<\/div>\n\t\t\t\t<\/div>\n\t\t\t\t<div class=\"elementor-element elementor-element-f310a05 e-grid-align-left e-grid-align-mobile-left e-grid-align-tablet-left elementor-shape-square elementor-grid-0 elementor-widget elementor-widget-social-icons\" data-id=\"f310a05\" data-element_type=\"widget\" data-widget_type=\"social-icons.default\">\n\t\t\t\t<div class=\"elementor-widget-container\">\n\t\t\t\t\t\t\t<div class=\"elementor-social-icons-wrapper elementor-grid\">\n\t\t\t\t\t\t\t<span class=\"elementor-grid-item\">\n\t\t\t\t\t<a class=\"elementor-icon elementor-social-icon elementor-social-icon-facebook-f elementor-repeater-item-2012364\" href=\"https:\/\/www.facebook.com\/profile.php?id=100083038673917\" target=\"_blank\">\n\t\t\t\t\t\t<span class=\"elementor-screen-only\">Facebook-f<\/span>\n\t\t\t\t\t\t<i class=\"fab fa-facebook-f\"><\/i>\t\t\t\t\t<\/a>\n\t\t\t\t<\/span>\n\t\t\t\t\t\t\t<span class=\"elementor-grid-item\">\n\t\t\t\t\t<a class=\"elementor-icon elementor-social-icon elementor-social-icon-linkedin-in elementor-repeater-item-6c90a0e\" href=\"https:\/\/www.linkedin.com\/company\/imgt%C3%A9l%C3%A9com\/\" target=\"_blank\">\n\t\t\t\t\t\t<span class=\"elementor-screen-only\">Linkedin-in<\/span>\n\t\t\t\t\t\t<i class=\"fab fa-linkedin-in\"><\/i>\t\t\t\t\t<\/a>\n\t\t\t\t<\/span>\n\t\t\t\t\t<\/div>\n\t\t\t\t\t\t<\/div>\n\t\t\t\t<\/div>\n\t\t\t\t\t<\/div>\n\t\t<\/div>\n\t\t\t\t<div class=\"elementor-column elementor-col-50 elementor-top-column elementor-element elementor-element-238b530b\" data-id=\"238b530b\" data-element_type=\"column\">\n\t\t\t<div class=\"elementor-widget-wrap elementor-element-populated\">\n\t\t\t\t\t\t<div class=\"elementor-element elementor-element-9cf55c7 elementor-widget elementor-widget-shortcode\" data-id=\"9cf55c7\" data-element_type=\"widget\" data-widget_type=\"shortcode.default\">\n\t\t\t\t<div class=\"elementor-widget-container\">\n\t\t\t\t\t\t\t<div class=\"elementor-shortcode\">\n<div class=\"wpcf7 no-js\" id=\"wpcf7-f1756-o1\" lang=\"fr-FR\" dir=\"ltr\" data-wpcf7-id=\"1756\">\n<div class=\"screen-reader-response\"><p role=\"status\" aria-live=\"polite\" aria-atomic=\"true\"><\/p> <ul><\/ul><\/div>\n<form action=\"\/de\/wp-json\/wp\/v2\/pages\/1218#wpcf7-f1756-o1\" method=\"post\" class=\"wpcf7-form init\" aria-label=\"Formulaire de contact\" novalidate=\"novalidate\" data-status=\"init\">\n<div style=\"display: none;\">\n<input type=\"hidden\" name=\"_wpcf7\" value=\"1756\" \/>\n<input type=\"hidden\" name=\"_wpcf7_version\" value=\"6.0.6\" \/>\n<input type=\"hidden\" name=\"_wpcf7_locale\" value=\"fr_FR\" \/>\n<input type=\"hidden\" name=\"_wpcf7_unit_tag\" value=\"wpcf7-f1756-o1\" \/>\n<input type=\"hidden\" name=\"_wpcf7_container_post\" value=\"0\" \/>\n<input type=\"hidden\" name=\"_wpcf7_posted_data_hash\" value=\"\" \/>\n<\/div>\n<p><span class=\"formulaire-deux-colonnes\" id=\"contact-Name\"><label>Name & Vorname <span class=\"wpcf7-form-control-wrap\" data-name=\"your-name\"><input size=\"40\" maxlength=\"400\" class=\"wpcf7-form-control wpcf7-text wpcf7-validates-as-required\" autocomplete=\"name\" aria-required=\"true\" aria-invalid=\"false\" value=\"\" type=\"text\" name=\"your-name\" \/><\/span><\/label><label>Telefon<span class=\"wpcf7-form-control-wrap\" data-name=\"tel-645\"><input size=\"40\" maxlength=\"400\" class=\"wpcf7-form-control wpcf7-tel wpcf7-text wpcf7-validates-as-tel\" aria-invalid=\"false\" value=\"\" type=\"tel\" name=\"tel-645\" \/><\/span><\/label><\/span><br \/>\n<span class=\"formulaire-deux-colonnes\" id=\"contact-E-mail\"><label> E-Mail <span class=\"wpcf7-form-control-wrap\" data-name=\"your-email\"><input size=\"40\" maxlength=\"400\" class=\"wpcf7-form-control wpcf7-email wpcf7-validates-as-required wpcf7-text wpcf7-validates-as-email\" autocomplete=\"email\" aria-required=\"true\" aria-invalid=\"false\" value=\"\" type=\"email\" name=\"your-email\" \/><\/span> <\/label><label> Objekt <span class=\"wpcf7-form-control-wrap\" data-name=\"your-subject\"><input size=\"40\" maxlength=\"400\" class=\"wpcf7-form-control wpcf7-text wpcf7-validates-as-required\" aria-required=\"true\" aria-invalid=\"false\" value=\"\" type=\"text\" name=\"your-subject\" \/><\/span> <\/label><\/span><br \/>\n<label id=\"contact-Message\"> Nachricht<span class=\"wpcf7-form-control-wrap\" data-name=\"your-message\"><textarea cols=\"40\" rows=\"10\" maxlength=\"2000\" class=\"wpcf7-form-control wpcf7-textarea\" aria-invalid=\"false\" name=\"your-message\"><\/textarea><\/span> <\/label><br \/>\n<input class=\"wpcf7-form-control wpcf7-submit has-spinner\" type=\"submit\" value=\"Schicken\" \/>\n<\/p><div class=\"wpcf7-response-output\" aria-hidden=\"true\"><\/div>\n<\/form>\n<\/div>\n<\/div>\n\t\t\t\t\t\t<\/div>\n\t\t\t\t<\/div>\n\t\t\t\t\t<\/div>\n\t\t<\/div>\n\t\t\t\t\t<\/div>\n\t\t<\/section>\n\t\t\t\t<section class=\"elementor-section elementor-top-section elementor-element elementor-element-c13a2c7 elementor-section-boxed elementor-section-height-default elementor-section-height-default\" data-id=\"c13a2c7\" data-element_type=\"section\">\n\t\t\t\t\t\t\t<div class=\"elementor-background-overlay\"><\/div>\n\t\t\t\t\t\t\t<div class=\"elementor-container elementor-column-gap-default\">\n\t\t\t\t\t<div class=\"elementor-column elementor-col-33 elementor-top-column elementor-element elementor-element-a026fa6\" data-id=\"a026fa6\" data-element_type=\"column\" data-settings=\"{&quot;background_background&quot;:&quot;classic&quot;}\">\n\t\t\t<div class=\"elementor-widget-wrap elementor-element-populated\">\n\t\t\t\t\t\t<div class=\"elementor-element elementor-element-7526281 elementor-view-default elementor-widget elementor-widget-icon\" data-id=\"7526281\" data-element_type=\"widget\" data-widget_type=\"icon.default\">\n\t\t\t\t<div class=\"elementor-widget-container\">\n\t\t\t\t\t\t\t<div class=\"elementor-icon-wrapper\">\n\t\t\t<div class=\"elementor-icon\">\n\t\t\t<svg xmlns=\"http:\/\/www.w3.org\/2000\/svg\" width=\"28\" height=\"28\" viewBox=\"0 0 28 28\" fill=\"none\"><path fill-rule=\"evenodd\" clip-rule=\"evenodd\" d=\"M3.50464 10.4795C3.5 10.8909 3.5 11.3405 3.5 11.833V16.1663C3.5 18.9948 3.5 20.409 4.37868 21.2877C5.25736 22.1663 6.67157 22.1663 9.5 22.1663H18.5C21.3284 22.1663 22.7426 22.1663 23.6213 21.2877C24.5 20.409 24.5 18.9948 24.5 16.1663V11.833C24.5 11.3405 24.5 10.8909 24.4954 10.4795L14.9713 15.7707C14.3672 16.1063 13.6328 16.1063 13.0287 15.7707L3.50464 10.4795ZM3.63955 8.34252C3.75779 8.35915 3.87502 8.3974 3.98564 8.45885L14 14.0224L24.0144 8.45885C24.125 8.3974 24.2422 8.35916 24.3604 8.34253C24.2423 7.62991 24.0242 7.11452 23.6213 6.71169C22.7426 5.83301 21.3284 5.83301 18.5 5.83301H9.5C6.67157 5.83301 5.25736 5.83301 4.37868 6.71169C3.97585 7.11452 3.75769 7.62991 3.63955 8.34252Z\" fill=\"#FF8A00\"><\/path><\/svg>\t\t\t<\/div>\n\t\t<\/div>\n\t\t\t\t\t\t<\/div>\n\t\t\t\t<\/div>\n\t\t\t\t<div class=\"elementor-element elementor-element-acaa523 elementor-widget elementor-widget-text-editor\" data-id=\"acaa523\" data-element_type=\"widget\" data-widget_type=\"text-editor.default\">\n\t\t\t\t<div class=\"elementor-widget-container\">\n\t\t\t\t\t\t\t\t\tcontact@img-entreprise.com\t\t\t\t\t\t\t\t<\/div>\n\t\t\t\t<\/div>\n\t\t\t\t\t<\/div>\n\t\t<\/div>\n\t\t\t\t<div class=\"elementor-column elementor-col-33 elementor-top-column elementor-element elementor-element-61ba80b\" data-id=\"61ba80b\" data-element_type=\"column\" data-settings=\"{&quot;background_background&quot;:&quot;classic&quot;}\">\n\t\t\t<div class=\"elementor-widget-wrap elementor-element-populated\">\n\t\t\t\t\t\t<section class=\"elementor-section elementor-inner-section elementor-element elementor-element-0491b1f elementor-section-boxed elementor-section-height-default elementor-section-height-default\" data-id=\"0491b1f\" data-element_type=\"section\">\n\t\t\t\t\t\t<div class=\"elementor-container elementor-column-gap-default\">\n\t\t\t\t\t<div class=\"elementor-column elementor-col-50 elementor-inner-column elementor-element elementor-element-055536a\" data-id=\"055536a\" data-element_type=\"column\">\n\t\t\t<div class=\"elementor-widget-wrap\">\n\t\t\t\t\t\t\t<\/div>\n\t\t<\/div>\n\t\t\t\t<div class=\"elementor-column elementor-col-50 elementor-inner-column elementor-element elementor-element-a3c5949\" data-id=\"a3c5949\" data-element_type=\"column\">\n\t\t\t<div class=\"elementor-widget-wrap\">\n\t\t\t\t\t\t\t<\/div>\n\t\t<\/div>\n\t\t\t\t\t<\/div>\n\t\t<\/section>\n\t\t\t\t<div class=\"elementor-element elementor-element-321f0e8 hrcontact e-transform elementor-widget-divider--view-line elementor-widget elementor-widget-divider\" data-id=\"321f0e8\" data-element_type=\"widget\" data-settings=\"{&quot;_transform_rotateZ_effect&quot;:{&quot;unit&quot;:&quot;px&quot;,&quot;size&quot;:90,&quot;sizes&quot;:[]},&quot;_transform_rotateZ_effect_tablet&quot;:{&quot;unit&quot;:&quot;deg&quot;,&quot;size&quot;:&quot;&quot;,&quot;sizes&quot;:[]},&quot;_transform_rotateZ_effect_mobile&quot;:{&quot;unit&quot;:&quot;deg&quot;,&quot;size&quot;:&quot;&quot;,&quot;sizes&quot;:[]}}\" data-widget_type=\"divider.default\">\n\t\t\t\t<div class=\"elementor-widget-container\">\n\t\t\t\t\t\t\t<div class=\"elementor-divider\">\n\t\t\t<span class=\"elementor-divider-separator\">\n\t\t\t\t\t\t<\/span>\n\t\t<\/div>\n\t\t\t\t\t\t<\/div>\n\t\t\t\t<\/div>\n\t\t\t\t\t<\/div>\n\t\t<\/div>\n\t\t\t\t<div class=\"elementor-column elementor-col-33 elementor-top-column elementor-element elementor-element-e55cece\" data-id=\"e55cece\" data-element_type=\"column\" data-settings=\"{&quot;background_background&quot;:&quot;classic&quot;}\">\n\t\t\t<div class=\"elementor-widget-wrap elementor-element-populated\">\n\t\t\t\t\t\t<div class=\"elementor-element elementor-element-8037678 elementor-view-default elementor-widget elementor-widget-icon\" data-id=\"8037678\" data-element_type=\"widget\" data-widget_type=\"icon.default\">\n\t\t\t\t<div class=\"elementor-widget-container\">\n\t\t\t\t\t\t\t<div class=\"elementor-icon-wrapper\">\n\t\t\t<div class=\"elementor-icon\">\n\t\t\t<svg xmlns=\"http:\/\/www.w3.org\/2000\/svg\" width=\"36\" height=\"38\" viewBox=\"0 0 36 38\" fill=\"none\"><path fill-rule=\"evenodd\" clip-rule=\"evenodd\" d=\"M18.4151 31.2494C20.3628 30.2186 28.5 25.4261 28.5 17.3031C28.5 11.2218 23.799 6.29199 18 6.29199C12.201 6.29199 7.5 11.2218 7.5 17.3031C7.5 25.4261 15.6372 30.2187 17.5849 31.2494C17.8477 31.3885 18.1523 31.3885 18.4151 31.2494ZM18 22.0221C20.4853 22.0221 22.5 19.9093 22.5 17.3031C22.5 14.6968 20.4853 12.584 18 12.584C15.5147 12.584 13.5 14.6968 13.5 17.3031C13.5 19.9093 15.5147 22.0221 18 22.0221Z\" fill=\"#FF8A00\"><\/path><\/svg>\t\t\t<\/div>\n\t\t<\/div>\n\t\t\t\t\t\t<\/div>\n\t\t\t\t<\/div>\n\t\t\t\t<div class=\"elementor-element elementor-element-bf1d99b elementor-widget elementor-widget-text-editor\" data-id=\"bf1d99b\" data-element_type=\"widget\" data-widget_type=\"text-editor.default\">\n\t\t\t\t<div class=\"elementor-widget-container\">\n\t\t\t\t\t\t\t\t\tIMG BUSINESS Germany Europaallee <\/br>33, Kaiserslautern 67657\t\t\t\t\t\t\t\t<\/div>\n\t\t\t\t<\/div>\n\t\t\t\t\t<\/div>\n\t\t<\/div>\n\t\t\t\t\t<\/div>\n\t\t<\/section>\n\t\t\t\t<section class=\"elementor-section elementor-top-section elementor-element elementor-element-20f2fd6 elementor-section-boxed elementor-section-height-default elementor-section-height-default\" data-id=\"20f2fd6\" data-element_type=\"section\">\n\t\t\t\t\t\t<div class=\"elementor-container elementor-column-gap-no\">\n\t\t\t\t\t<div class=\"elementor-column elementor-col-100 elementor-top-column elementor-element elementor-element-6c4bf2a\" data-id=\"6c4bf2a\" data-element_type=\"column\">\n\t\t\t<div class=\"elementor-widget-wrap elementor-element-populated\">\n\t\t\t\t\t\t<div class=\"elementor-element elementor-element-5b5a21c elementor-widget elementor-widget-google_maps\" data-id=\"5b5a21c\" data-element_type=\"widget\" data-widget_type=\"google_maps.default\">\n\t\t\t\t<div class=\"elementor-widget-container\">\n\t\t\t\t\t\t\t<div class=\"elementor-custom-embed\">\n\t\t\t<iframe loading=\"lazy\"\n\t\t\t\t\tsrc=\"https:\/\/maps.google.com\/maps?q=Europaallee%20%2033%2C%20kAISERSLAUTERN%2067657&#038;t=m&#038;z=18&#038;output=embed&#038;iwloc=near\"\n\t\t\t\t\ttitle=\"Europaallee  33, kAISERSLAUTERN 67657\"\n\t\t\t\t\taria-label=\"Europaallee  33, kAISERSLAUTERN 67657\"\n\t\t\t><\/iframe>\n\t\t<\/div>\n\t\t\t\t\t\t<\/div>\n\t\t\t\t<\/div>\n\t\t\t\t\t<\/div>\n\t\t<\/div>\n\t\t\t\t\t<\/div>\n\t\t<\/section>\n\t\t\t\t<\/div>\n\t\t","protected":false},"excerpt":{"rendered":"<p>Kontakt Nehmen Sie Kontakt mit uns auf! Wenn Sie einen Kostenvoranschlag anfordern m\u00f6chten, Informationen ben\u00f6tigen oder einfach mit unseren Mitarbeitern in Kontakt treten m\u00f6chten, f\u00fcllen Sie bitte unser Kontaktformular aus! Unsere Mitarbeiter nehmen sich gerne Zeit f\u00fcr Sie!Unsere Mitarbeiter nehmen sich gerne Zeit f\u00fcr Sie!Unsere sozialen Netzwerke Facebook-f Linkedin-in contact@img-entreprise.com IMG BUSINESS Germany Europaallee 33, &hellip;<\/p>\n<p class=\"read-more\"> <a class=\"\" href=\"https:\/\/img-entreprise.com\/de\/kontakt\/\"> <span class=\"screen-reader-text\">Kontakt<\/span> Weiterlesen &raquo;<\/a><\/p>\n","protected":false},"author":1,"featured_media":0,"parent":0,"menu_order":0,"comment_status":"closed","ping_status":"closed","template":"","meta":{"site-sidebar-layout":"no-sidebar","site-content-layout":"page-builder","ast-global-header-display":"","ast-main-header-display":"","ast-hfb-above-header-display":"","ast-hfb-below-header-display":"","ast-hfb-mobile-header-display":"","site-post-title":"disabled","ast-breadcrumbs-content":"","ast-featured-img":"disabled","footer-sml-layout":"","theme-transparent-header-meta":"enabled","adv-header-id-meta":"","stick-header-meta":"","header-above-stick-meta":"","header-main-stick-meta":"","header-below-stick-meta":"","footnotes":""},"class_list":["post-1218","page","type-page","status-publish","hentry"],"yoast_head":"<!-- This site is optimized with the Yoast SEO plugin v24.7 - https:\/\/yoast.com\/wordpress\/plugins\/seo\/ -->\n<title>Kontaktieren Sie uns f\u00fcr pers\u00f6nliche Unterst\u00fctzung - IMG<\/title>\n<meta name=\"robots\" content=\"index, follow, max-snippet:-1, max-image-preview:large, max-video-preview:-1\" \/>\n<link rel=\"canonical\" href=\"https:\/\/img-entreprise.com\/de\/kontakt\/\" \/>\n<meta property=\"og:locale\" content=\"de_DE\" \/>\n<meta property=\"og:type\" content=\"article\" \/>\n<meta property=\"og:title\" content=\"Kontaktieren Sie uns f\u00fcr pers\u00f6nliche Unterst\u00fctzung - IMG\" \/>\n<meta property=\"og:description\" content=\"Kontakt Nehmen Sie Kontakt mit uns auf! Wenn Sie einen Kostenvoranschlag anfordern m\u00f6chten, Informationen ben\u00f6tigen oder einfach mit unseren Mitarbeitern in Kontakt treten m\u00f6chten, f\u00fcllen Sie bitte unser Kontaktformular aus! Unsere Mitarbeiter nehmen sich gerne Zeit f\u00fcr Sie!Unsere Mitarbeiter nehmen sich gerne Zeit f\u00fcr Sie!Unsere sozialen Netzwerke Facebook-f Linkedin-in contact@img-entreprise.com IMG BUSINESS Germany Europaallee 33, &hellip; Kontakt Weiterlesen &raquo;\" \/>\n<meta property=\"og:url\" content=\"https:\/\/img-entreprise.com\/de\/kontakt\/\" \/>\n<meta property=\"og:site_name\" content=\"IMG Unternehmen\" \/>\n<meta property=\"article:modified_time\" content=\"2023-12-29T16:16:04+00:00\" \/>\n<meta name=\"twitter:card\" content=\"summary_large_image\" \/>\n<meta name=\"twitter:label1\" content=\"Gesch\u00e4tzte Lesezeit\" \/>\n\t<meta name=\"twitter:data1\" content=\"1\u00a0Minute\" \/>\n<script type=\"application\/ld+json\" class=\"yoast-schema-graph\">{\"@context\":\"https:\/\/schema.org\",\"@graph\":[{\"@type\":\"WebPage\",\"@id\":\"https:\/\/img-entreprise.com\/de\/kontakt\/\",\"url\":\"https:\/\/img-entreprise.com\/de\/kontakt\/\",\"name\":\"Kontaktieren Sie uns f\u00fcr pers\u00f6nliche Unterst\u00fctzung - IMG\",\"isPartOf\":{\"@id\":\"https:\/\/img-entreprise.com\/de\/#website\"},\"datePublished\":\"2018-10-04T07:26:23+00:00\",\"dateModified\":\"2023-12-29T16:16:04+00:00\",\"breadcrumb\":{\"@id\":\"https:\/\/img-entreprise.com\/de\/kontakt\/#breadcrumb\"},\"inLanguage\":\"de\",\"potentialAction\":[{\"@type\":\"ReadAction\",\"target\":[\"https:\/\/img-entreprise.com\/de\/kontakt\/\"]}]},{\"@type\":\"BreadcrumbList\",\"@id\":\"https:\/\/img-entreprise.com\/de\/kontakt\/#breadcrumb\",\"itemListElement\":[{\"@type\":\"ListItem\",\"position\":1,\"name\":\"Accueil\",\"item\":\"https:\/\/img-entreprise.com\/de\/\"},{\"@type\":\"ListItem\",\"position\":2,\"name\":\"Kontakt\"}]},{\"@type\":\"WebSite\",\"@id\":\"https:\/\/img-entreprise.com\/de\/#website\",\"url\":\"https:\/\/img-entreprise.com\/de\/\",\"name\":\"IMG Unternehmen\",\"description\":\"\",\"potentialAction\":[{\"@type\":\"SearchAction\",\"target\":{\"@type\":\"EntryPoint\",\"urlTemplate\":\"https:\/\/img-entreprise.com\/de\/?s={search_term_string}\"},\"query-input\":{\"@type\":\"PropertyValueSpecification\",\"valueRequired\":true,\"valueName\":\"search_term_string\"}}],\"inLanguage\":\"de\"}]}<\/script>\n<!-- \/ Yoast SEO plugin. -->","yoast_head_json":{"title":"Kontaktieren Sie uns f\u00fcr pers\u00f6nliche Unterst\u00fctzung - IMG","robots":{"index":"index","follow":"follow","max-snippet":"max-snippet:-1","max-image-preview":"max-image-preview:large","max-video-preview":"max-video-preview:-1"},"canonical":"https:\/\/img-entreprise.com\/de\/kontakt\/","og_locale":"de_DE","og_type":"article","og_title":"Kontaktieren Sie uns f\u00fcr pers\u00f6nliche Unterst\u00fctzung - IMG","og_description":"Kontakt Nehmen Sie Kontakt mit uns auf! Wenn Sie einen Kostenvoranschlag anfordern m\u00f6chten, Informationen ben\u00f6tigen oder einfach mit unseren Mitarbeitern in Kontakt treten m\u00f6chten, f\u00fcllen Sie bitte unser Kontaktformular aus! Unsere Mitarbeiter nehmen sich gerne Zeit f\u00fcr Sie!Unsere Mitarbeiter nehmen sich gerne Zeit f\u00fcr Sie!Unsere sozialen Netzwerke Facebook-f Linkedin-in contact@img-entreprise.com IMG BUSINESS Germany Europaallee 33, &hellip; Kontakt Weiterlesen &raquo;","og_url":"https:\/\/img-entreprise.com\/de\/kontakt\/","og_site_name":"IMG Unternehmen","article_modified_time":"2023-12-29T16:16:04+00:00","twitter_card":"summary_large_image","twitter_misc":{"Gesch\u00e4tzte Lesezeit":"1\u00a0Minute"},"schema":{"@context":"https:\/\/schema.org","@graph":[{"@type":"WebPage","@id":"https:\/\/img-entreprise.com\/de\/kontakt\/","url":"https:\/\/img-entreprise.com\/de\/kontakt\/","name":"Kontaktieren Sie uns f\u00fcr pers\u00f6nliche Unterst\u00fctzung - IMG","isPartOf":{"@id":"https:\/\/img-entreprise.com\/de\/#website"},"datePublished":"2018-10-04T07:26:23+00:00","dateModified":"2023-12-29T16:16:04+00:00","breadcrumb":{"@id":"https:\/\/img-entreprise.com\/de\/kontakt\/#breadcrumb"},"inLanguage":"de","potentialAction":[{"@type":"ReadAction","target":["https:\/\/img-entreprise.com\/de\/kontakt\/"]}]},{"@type":"BreadcrumbList","@id":"https:\/\/img-entreprise.com\/de\/kontakt\/#breadcrumb","itemListElement":[{"@type":"ListItem","position":1,"name":"Accueil","item":"https:\/\/img-entreprise.com\/de\/"},{"@type":"ListItem","position":2,"name":"Kontakt"}]},{"@type":"WebSite","@id":"https:\/\/img-entreprise.com\/de\/#website","url":"https:\/\/img-entreprise.com\/de\/","name":"IMG Unternehmen","description":"","potentialAction":[{"@type":"SearchAction","target":{"@type":"EntryPoint","urlTemplate":"https:\/\/img-entreprise.com\/de\/?s={search_term_string}"},"query-input":{"@type":"PropertyValueSpecification","valueRequired":true,"valueName":"search_term_string"}}],"inLanguage":"de"}]}},"_links":{"self":[{"href":"https:\/\/img-entreprise.com\/de\/wp-json\/wp\/v2\/pages\/1218","targetHints":{"allow":["GET"]}}],"collection":[{"href":"https:\/\/img-entreprise.com\/de\/wp-json\/wp\/v2\/pages"}],"about":[{"href":"https:\/\/img-entreprise.com\/de\/wp-json\/wp\/v2\/types\/page"}],"author":[{"embeddable":true,"href":"https:\/\/img-entreprise.com\/de\/wp-json\/wp\/v2\/users\/1"}],"replies":[{"embeddable":true,"href":"https:\/\/img-entreprise.com\/de\/wp-json\/wp\/v2\/comments?post=1218"}],"version-history":[{"count":327,"href":"https:\/\/img-entreprise.com\/de\/wp-json\/wp\/v2\/pages\/1218\/revisions"}],"predecessor-version":[{"id":6381,"href":"https:\/\/img-entreprise.com\/de\/wp-json\/wp\/v2\/pages\/1218\/revisions\/6381"}],"wp:attachment":[{"href":"https:\/\/img-entreprise.com\/de\/wp-json\/wp\/v2\/media?parent=1218"}],"curies":[{"name":"wp","href":"https:\/\/api.w.org\/{rel}","templated":true}]}}